{"id":249,"date":"2022-02-28T23:08:30","date_gmt":"2022-02-28T23:08:30","guid":{"rendered":"http:\/\/mattermedia-ops.eu\/?page_id=249"},"modified":"2022-03-27T16:49:47","modified_gmt":"2022-03-27T16:49:47","slug":"industries","status":"publish","type":"page","link":"https:\/\/mattermedia-ops.eu\/de\/industries\/","title":{"rendered":"Branchen"},"content":{"rendered":"<p><section class=\"kc-elm kc-css-54368 kc_row\"><div class=\"kc-row-container  kc-container\"><div class=\"kc-wrap-columns\"><div class=\"kc-elm kc-css-482304 kc_col-sm-12 kc_column kc_col-sm-12\"><div class=\"kc-col-container\"><div class=\"kc-elm kc-css-650001 kc_text_block\"><\/p>\n<p>Branchenwissen<\/p>\n<p>\n<\/div><\/div><\/div><\/div><\/div><\/section><section class=\"kc-elm kc-css-684437 kc_row\"><div class=\"kc-row-container  kc-container\"><div class=\"kc-wrap-columns\"><div class=\"kc-elm kc-css-889605 kc_col-sm-12 kc_column kc_col-sm-12\"><div class=\"kc-col-container\"><div class=\"kc-elm kc-css-111060\" style=\"height: 249px; clear: both; width:100%;\"><\/div><div class=\"kc-elm kc-css-14149 kc_text_block\"><\/p>\n<p>Branchenwissen<\/p>\n<p>\n<\/div><\/div><\/div><\/div><\/div><\/section><section class=\"kc-elm kc-css-316527 kc_row\"><div class=\"kc-row-container  kc-container\"><div class=\"kc-wrap-columns\"><div class=\"kc-elm kc-css-528031 kc_col-sm-2 kc_column kc_col-sm-2\"><div class=\"kc-col-container\"><\/div><\/div><div class=\"kc-elm kc-css-42778 kc_col-sm-8 kc_column kc_col-sm-8\"><div class=\"kc-col-container\"><div class=\"kc-elm kc-css-19572 kc_text_block\"><\/p>\n<p>Matter Media arbeitet mit Spezialisten aus verschiedenen Branchen zusammen, um sicherzustellen, dass Sie die richtigen Marketinginstrumente f\u00fcr Ihr Unternehmen ausw\u00e4hlen und diese optimal einsetzen. Dabei achten wir besonders darauf, Ihre Zielgruppe anzusprechen und Ihre Produkte und Dienstleistungen visuell ansprechend zu pr\u00e4sentieren und durch intelligentes Sales Funnelling eine messbare Umsatzsteigerung zu erreichen.<\/p>\n<p>\n<\/div><div class=\"kc-elm kc-css-479839 kc_text_block\"><\/p>\n<p>Matter Media konzentriert sich derzeit vor allem auf das Produktions- und Dienstleistungsgesch\u00e4ft. In beiden Branchen haben unsere Kunden in den letzten Jahren hohe Umsatzzuw\u00e4chse erzielt, indem sie ihre Gesch\u00e4ftsmodelle f\u00fcr E-Commerce angepasst haben.<\/p>\n<p>\n<\/div><div class=\"kc-elm kc-css-910662 kc_text_block\"><\/p>\n<h3 style=\"line-height: 1.4;\">Erfahren Sie mehr dar\u00fcber, wie die Marketingl\u00f6sungen von Matter Media Ihrem Unternehmen einen Vorsprung vor der Konkurrenz verschaffen.<\/h3>\n<p>\n<\/div><\/div><\/div><div class=\"kc-elm kc-css-926712 kc_col-of-5 kc_column kc_col-of-5\"><div class=\"kc-col-container\"><\/div><\/div><\/div><\/div><\/section><section class=\"kc-elm kc-css-945328 kc-animated kc-animate-eff-fadeInUp kc-animate-speed-1s kc_row\"><div class=\"kc-row-container  kc-container\"><div class=\"kc-wrap-columns\"><div class=\"kc-elm kc-css-593720 kc_col-sm-12 kc_column kc_col-sm-12\"><div class=\"kc-col-container\"><div class=\"kc-elm kc-css-724938 kc_row kc_row_inner\"><div class=\"kc-elm kc-css-398368 kc_col-of-5 kc_column_inner kc_col-of-5\"><div class=\"kc_wrapper kc-col-inner-container\"><\/div><\/div><div class=\"kc-elm kc-css-631386 kc_col-sm-4 kc_column_inner kc_col-sm-4\"><div class=\"kc_wrapper kc-col-inner-container\"><div class=\"kc-elm kc-css-685654 kc-feature-boxes kc-fb-layout-2\">\n\n\t<figure class=\"content-image\"><img src=\"https:\/\/mattermedia-ops.eu\/wp-content\/uploads\/2021\/12\/worker-g9139a9726_1920.jpg\" alt=\"\"><\/figure><div class=\"content-title\">Fertigungsbetriebe<\/div><div class=\"content-desc\">Digitalmarketing-L\u00f6sungen f\u00fcr Fertigungsbetriebe.<\/div><div class=\"content-button\"><a href=\"https:\/\/mattermedia-ops.eu\/de\/manufacturing\/\" target=\"_self\" title=\"Fertigungsbetriebe\">Mehr erfahren<\/a><\/div>\n<\/div>\n<\/div><\/div><div class=\"kc-elm kc-css-591705 kc_col-sm-4 kc_column_inner kc_col-sm-4\"><div class=\"kc_wrapper kc-col-inner-container\"><div class=\"kc-elm kc-css-910476 kc-feature-boxes kc-fb-layout-2\">\n\n\t<figure class=\"content-image\"><img src=\"https:\/\/mattermedia-ops.eu\/wp-content\/uploads\/2022\/03\/receptionists-g910a49550_1920.jpg\" alt=\"\"><\/figure><div class=\"content-title\">Dienstleistungsbetriebe<\/div><div class=\"content-desc\">Digitalmarketing-L\u00f6sungen f\u00fcr Betriebe des Dienstleistungssektors.<\/div><div class=\"content-button\"><a href=\"https:\/\/mattermedia-ops.eu\/de\/service\/\" target=\"_self\" title=\"Dienstleistungsbetriebe\">Mehr erfahren<\/a><\/div>\n<\/div>\n<\/div><\/div><div class=\"kc-elm kc-css-95386 kc_col-sm-2 kc_column_inner kc_col-sm-2\"><div class=\"kc_wrapper kc-col-inner-container\"><\/div><\/div><\/div><\/div><\/div><\/div><\/div><\/section><section class=\"kc-elm kc-css-44249 kc-animated kc-animate-eff-fadeInUp kc-animate-speed-1s kc_row\"><div class=\"kc-row-container  kc-container\"><div class=\"kc-wrap-columns\"><div class=\"kc-elm kc-css-519923 kc_col-sm-12 kc_column kc_col-sm-12\"><div class=\"kc-col-container\"><div class=\"kc-elm kc-css-119972 kc_row kc_row_inner\"><div class=\"kc-elm kc-css-231566 kc_col-of-5 kc_column_inner kc_col-of-5\"><div class=\"kc_wrapper kc-col-inner-container\"><\/div><\/div><div class=\"kc-elm kc-css-182596 kc_col-sm-8 kc_column_inner kc_col-sm-8\"><div class=\"kc_wrapper kc-col-inner-container\"><div class=\"kc-elm kc-css-470827 kc-feature-boxes kc-fb-layout-4\">\n\n\t<figure class=\"content-image\"><img src=\"https:\/\/mattermedia-ops.eu\/wp-content\/uploads\/2018\/03\/mmo_bgrd.jpg\" alt=\"\"><\/figure><div class=\"box-right\"><div class=\"content-position\">WordPress<\/div><div class=\"content-title\">Marketing & Communication<\/div><div class=\"content-desc\">Content Marketing, Digital Sales Funelling, Social Media Campaigning, SEO - wir steigern Ihre Reichweite und Ihren Umsatz.<\/div><\/div>\n<\/div>\n<div class=\"kc-elm kc-css-704152 kc-feature-boxes kc-fb-layout-4\">\n\n\t<figure class=\"content-image\"><img src=\"https:\/\/mattermedia-ops.eu\/wp-content\/uploads\/2018\/03\/mmo_bgrd.jpg\" alt=\"\"><\/figure><div class=\"box-right\"><div class=\"content-position\">WordPress<\/div><div class=\"content-title\">Marketing & Communication<\/div><div class=\"content-desc\">Content Marketing, Digital Sales Funelling, Social Media Campaigning, SEO - wir steigern Ihre Reichweite und Ihren Umsatz.<\/div><\/div>\n<\/div>\n<div class=\"kc-elm kc-css-142836 kc-feature-boxes kc-fb-layout-4\">\n\n\t<figure class=\"content-image\"><img src=\"https:\/\/mattermedia-ops.eu\/wp-content\/uploads\/2021\/12\/code-g53c3fab7a_1920.jpg\" alt=\"\"><\/figure><div class=\"box-right\"><div class=\"content-position\">WordPress<\/div><div class=\"content-title\">Website & App Creation<\/div><div class=\"content-desc\">Wir erstellen Webseiten und Smartphone-Apps, die Ihre Verkaufsstrategie effektiv f\u00fcr die digitale Welt anpassen.<\/div><\/div>\n<\/div>\n<\/div><\/div><div class=\"kc-elm kc-css-729286 kc_col-of-5 kc_column_inner kc_col-of-5\"><div class=\"kc_wrapper kc-col-inner-container\"><\/div><\/div><\/div><\/div><\/div><\/div><\/div><\/section><section class=\"kc-elm kc-css-678931 kc_row\"><div class=\"kc-row-container  kc-container\"><div class=\"kc-wrap-columns\"><\/div><\/div><\/section><section class=\"kc-elm kc-css-604721 kc_row\"><div class=\"kc-row-container  kc-container\"><div class=\"kc-wrap-columns\"><div class=\"kc-elm kc-css-856333 kc_col-sm-2 kc_column kc_col-sm-2\"><div class=\"kc-col-container\"><\/div><\/div><div id=\"data-analytics\" class=\"kc-elm kc-css-923764 kc_col-sm-4 kc-animated kc-animate-eff-fadeIn kc-animate-speed-1s kc_column kc_col-sm-4\"><div class=\"kc-col-container\"><div class=\"kc-elm kc-css-15736 kc-icon-wrapper\">\n\t\t<i class=\"et-magnifying-glass\"><\/i>\n\t<\/div>\n<div class=\"kc-elm kc-css-63661 kc_text_block\"><\/p>\n<h2>Datenanalyse, um die digitalen Bed\u00fcrfnisse Ihrer Kunden zu ermitteln<\/h2>\n<p>F\u00fchrende Unternehmen messen st\u00e4ndig die Interaktion ihrer Kunden mit ihrem Produkt- und Dienstleistungsangebot. Wenn Sie \u00fcber eine ausreichende Menge an Daten \u00fcber Ihre Kunden verf\u00fcgen, k\u00f6nnen Sie ein Produkt, eine Dienstleistung oder eine Kampagne entwerfen, die den spezifischen Anforderungen gerecht wird. Die von E-Commerce-Plattformen automatisch erfassten Daten decken eine Vielzahl unterschiedlicher Parameter ab und liefern Ihnen ein objektives und aktuelles Bild \u00fcber den Status Ihrer Kundenbeziehungen.<\/p>\n<p>Wir unterst\u00fctzen Sie bei der Datenerfassung sowie bei der Datenanalyse, um Ihre Vertriebsleistung zu verbessern.<\/p>\n<p>\n<\/div><\/div><\/div><div id=\"e-commerce-platform\" class=\"kc-elm kc-css-618986 kc_col-sm-4 kc-animated kc-animate-eff-fadeIn kc-animate-speed-1s kc_column kc_col-sm-4\"><div class=\"kc-col-container\"><div class=\"kc-elm kc-css-67092 kc-icon-wrapper\">\n\t\t<i class=\"et-trophy\"><\/i>\n\t<\/div>\n<div class=\"kc-elm kc-css-117812 kc_text_block\"><\/p>\n<h2>E-Commerce-Plattformen f\u00fcr maximale Kundenzufriedenheit<\/h2>\n<p>Im B2B-Bereich legen Ihre Vertriebspartner und Kunden zunehmend Wert auf einen benutzerfreundlichen Onlineshop, mit dem sie rund um die Uhr einfach interagieren und auch komplexe, personalisierte Produkte bestellen k\u00f6nnen. In diesem Zusammenhang ist es wichtig, die Website trotz eventuell themenspezifischer und aufw\u00e4ndiger Gestaltung jederzeit \u00fcbersichtlich und frei von Ladezeiten zu gestalten.<\/p>\n<p>Wir unterst\u00fctzen Sie beim Aufbau einer E-Commerce-Plattform, die in Bezug auf Benutzeroberfl\u00e4che und Funktionalit\u00e4t den spezifischen Bed\u00fcrfnissen Ihrer Zielgruppen entspricht.<\/p>\n<p>\n<\/div><\/div><\/div><div class=\"kc-elm kc-css-324860 kc_col-of-5 kc_column kc_col-of-5\"><div class=\"kc-col-container\"><\/div><\/div><\/div><\/div><\/section><section class=\"kc-elm kc-css-767985 kc_row\"><div class=\"kc-row-container  kc-container\"><div class=\"kc-wrap-columns\"><div class=\"kc-elm kc-css-904279 kc_col-sm-12 kc_column kc_col-sm-12\"><div class=\"kc-col-container\"><div class=\"kc-elm kc-css-880526 kc_text_block\"><\/p>\n<p>Probieren Sie das Tool f\u00fcr die Ermittlung der Kosten f\u00fcr Ihr Digitalprojekt jetzt aus<\/p>\n<p>\n<\/div><\/div><\/div><\/div><\/div><\/section><\/p>","protected":false},"excerpt":{"rendered":"","protected":false},"author":1,"featured_media":0,"parent":0,"menu_order":0,"comment_status":"closed","ping_status":"closed","template":"template-parts\/template-homepage.php","meta":[],"_links":{"self":[{"href":"https:\/\/mattermedia-ops.eu\/de\/wp-json\/wp\/v2\/pages\/249"}],"collection":[{"href":"https:\/\/mattermedia-ops.eu\/de\/wp-json\/wp\/v2\/pages"}],"about":[{"href":"https:\/\/mattermedia-ops.eu\/de\/wp-json\/wp\/v2\/types\/page"}],"author":[{"embeddable":true,"href":"https:\/\/mattermedia-ops.eu\/de\/wp-json\/wp\/v2\/users\/1"}],"replies":[{"embeddable":true,"href":"https:\/\/mattermedia-ops.eu\/de\/wp-json\/wp\/v2\/comments?post=249"}],"version-history":[{"count":6,"href":"https:\/\/mattermedia-ops.eu\/de\/wp-json\/wp\/v2\/pages\/249\/revisions"}],"predecessor-version":[{"id":255,"href":"https:\/\/mattermedia-ops.eu\/de\/wp-json\/wp\/v2\/pages\/249\/revisions\/255"}],"wp:attachment":[{"href":"https:\/\/mattermedia-ops.eu\/de\/wp-json\/wp\/v2\/media?parent=249"}],"curies":[{"name":"wp","href":"https:\/\/api.w.org\/{rel}","templated":true}]}}