{"id":259,"date":"2022-03-03T21:59:02","date_gmt":"2022-03-03T21:59:02","guid":{"rendered":"http:\/\/mattermedia-ops.eu\/?page_id=259"},"modified":"2022-06-23T21:36:40","modified_gmt":"2022-06-23T21:36:40","slug":"service","status":"publish","type":"page","link":"https:\/\/mattermedia-ops.eu\/de\/service\/","title":{"rendered":"Dienstleistungsbetriebe"},"content":{"rendered":"<p><section class=\"kc-elm kc-css-146072 kc_row\"><div class=\"kc-row-container  kc-container\"><div class=\"kc-wrap-columns\"><div class=\"kc-elm kc-css-258770 kc_col-sm-12 kc_column kc_col-sm-12\"><div class=\"kc-col-container\"><div class=\"kc-elm kc-css-459747 kc-raw-code\"><a style=\"color: #990082; cursor: pointer;\" onclick=\"scrollFunctionService1()\">Social Commerce<\/a>  |  <a style=\"color: #990082;; cursor: pointer;\" onclick=\"scrollFunctionService2()\">Live chat &amp; chatbot<\/a>  |  <a style=\"color: #990082; cursor: pointer;\" onclick=\"scrollFunctionService3()\">Content Marketing<\/a>  |  <a style=\"color: #990082; cursor: pointer;\" onclick=\"scrollFunctionService4()\">Automated Booking<\/a><\/div><\/div><\/div><\/div><\/div><\/section><section class=\"kc-elm kc-css-770480 kc_row\"><div class=\"kc-row-container  kc-container\"><div class=\"kc-wrap-columns\"><div class=\"kc-elm kc-css-959245 kc_col-sm-12 kc_column kc_col-sm-12\"><div class=\"kc-col-container\"><div class=\"kc-elm kc-css-946830 kc_text_block\"><\/p>\n<p>Dienstleistungsbetriebe<\/p>\n<p>\n<\/div><div class=\"kc-elm kc-css-343605 kc_text_block\"><\/p>\n<p>Digitalmarketing-L\u00f6sungen f\u00fcr KMU<\/p>\n<p>\n<\/div>\n<div class=\"kc-elm kc-css-323387 divider_line\">\n\t<div class=\"divider_inner divider_line1\">\n\t\t\t<\/div>\n<\/div>\n<div class=\"kc-elm kc-css-674317 kc_text_block\"><\/p>\n<p><a style=\"color: #990082; cursor: pointer;\" onclick=\"scrollFunctionService1()\">Social Commerce<\/a>\u00a0 |\u00a0 <a style=\"color: #990082;; cursor: pointer;\" onclick=\"scrollFunctionService2()\">Live chat &amp; chatbot<\/a>\u00a0 |\u00a0 <a style=\"color: #990082; cursor: pointer;\" onclick=\"scrollFunctionService3()\">Content Marketing<\/a>\u00a0 |\u00a0 <a style=\"color: #990082; cursor: pointer;\" onclick=\"scrollFunctionService4()\">Automated Booking<\/a><\/p>\n<p>\n<\/div><\/div><\/div><\/div><\/div><\/section><section class=\"kc-elm kc-css-984663 kc_row\"><div class=\"kc-row-container  kc-container\"><div class=\"kc-wrap-columns\"><div class=\"kc-elm kc-css-858268 kc_col-sm-2 kc_column kc_col-sm-2\"><div class=\"kc-col-container\"><\/div><\/div><div class=\"kc-elm kc-css-224836 kc_col-sm-8 kc_column kc_col-sm-8\"><div class=\"kc-col-container\"><div class=\"kc-elm kc-css-822006 kc_text_block\"><\/p>\n<p>Viele Dienstleister sind von dem raschen Wandel des Kundenverhaltens stark betroffen. Die tiefgreifenden Ver\u00e4nderungen, die sich zun\u00e4chst in der Konsumg\u00fcterindustrie abzeichneten, haben letztlich zur Etablierung eines deutlich h\u00f6heren digitalen Servicestandards gef\u00fchrt. Diese Entwicklung basiert auf den vielen neuen Technologien, die v\u00f6llig neue Absatzm\u00f6glichkeiten und Vertriebsformen erm\u00f6glicht haben, wird aber auch stark durch die zunehmende Globalisierung sowie die aktuelle Gesundheitskrise getrieben.<\/p>\n<p>F\u00fcr KMU im Dienstleistungssektor ist es besonders wichtig, sich online gut zu pr\u00e4sentieren, da potenzielle Kunden, sowohl aus dem privaten als auch aus dem gesch\u00e4ftlichen Bereich, zunehmend Dienstleistungen \u00fcber das Internet recherchieren und bestellen. Innovative und einfach zu bedienende Touchpoints in Form einer individuell zugeschnittenen Webseite sind das geeignete Mittel, um eine neue digitale Vertriebsstrategie umzusetzen. Es hat sich gezeigt, dass erfolgreiche Webpr\u00e4senzen einen sehr starken Beitrag zur Markenbildung leisten. Daher lohnt es sich mit vergleichsweise geringem Aufwand, einen so genannten Brandshop zu erstellen.<\/p>\n<p>\n<\/div><\/div><\/div><div class=\"kc-elm kc-css-324211 kc_col-of-5 kc_column kc_col-of-5\"><div class=\"kc-col-container\"><\/div><\/div><\/div><\/div><\/section><section class=\"kc-elm kc-css-623098 kc_row\"><div class=\"kc-row-container  kc-container\"><div class=\"kc-wrap-columns\"><div class=\"kc-elm kc-css-381018 kc_col-sm-2 kc_column kc_col-sm-2\"><div class=\"kc-col-container\"><\/div><\/div><div id=\"social-commerce\" class=\"kc-elm kc-css-229704 kc_col-sm-4 kc-animated kc-animate-eff-fadeIn kc-animate-speed-1s kc_column kc_col-sm-4\"><div class=\"kc-col-container\"><div class=\"kc-elm kc-css-488069 kc-icon-wrapper\">\n\t\t<i class=\"et-happy\"><\/i>\n\t<\/div>\n<div class=\"kc-elm kc-css-213639 kc_text_block\"><\/p>\n<h2>Kunden mit Social Commerce inspirieren<\/h2>\n<p>Social Commerce ist ein zunehmend bedeutsamer Trend f\u00fcr jedes dienstleistungsorientierte Unternehmen. Das bedeutet, dass die markeneigene Website f\u00fcr eine erfolgreiche Verkaufsstrategie zwar weiterhin von zentral Bedeutung ist. Sie sollte aber durch Social Media Ma\u00dfnahmen erg\u00e4nzt werden. Social Media sind die wichtigste Anlaufstelle f\u00fcr Interessenten, die unkompliziert  authentische Informationen \u00fcber Ihre Produkte erfahren m\u00f6chten. Sie sind \u00fcberdies eine beliebte M\u00f6glichkeit direkt mit den Mitarbeitern Ihres Unternehmens in Kontakt zu treten.<\/p>\n<p>Wir unterst\u00fctzen Sie dabei, Ihr Unternehmen auf den verschiedenen Plattformen wie LinkedIn, Xing, Google und Facebook zu etablieren. Dabei konzentrieren wir uns auf die Ausnutzung des Hebeleffekts positiver Kundenrezensionen und den Aufbau einer lebendigen Online-Nutzergemeinde, die Ihrer Marke zu einer wachsenden Bekanntheit verhilft.<\/p>\n<p>\n<\/div><\/div><\/div><div id=\"integrated-chat\" class=\"kc-elm kc-css-667090 kc_col-sm-4 kc-animated kc-animate-eff-fadeIn kc-animate-speed-1s kc_column kc_col-sm-4\"><div class=\"kc-col-container\"><div class=\"kc-elm kc-css-778052 kc-icon-wrapper\">\n\t\t<i class=\"et-chat\"><\/i>\n\t<\/div>\n<div class=\"kc-elm kc-css-326719 kc_text_block\"><\/p>\n<h2>Livechat und chatbot f\u00fcr die pers\u00f6nliche digitale Beratung<\/h2>\n<p>Pers\u00f6nliche Beratung wird von den Kunden sehr gesch\u00e4tzt. Mit Hilfe eines Livechats k\u00f6nnen sich Ihre Kunden aber auch online umfassend informieren. Durch die Nutzung digitaler L\u00f6sungen k\u00f6nnen Beraterinnen und Berater beispielsweise bei der Auswahl von Produkten und Dienstleistungen, der Produktabwicklung, oder bei der Terminvereinbarung f\u00fcr Kundengespr\u00e4che vor Ort unterst\u00fctzen.<\/p>\n<p>Wir unterst\u00fctzen Sie dabei, den f\u00fcr Ihr Unternehmen richtigen Grad der Digitalisierung Ihrer kundenseitigen Dienstleistungen und Serviceprozesse zu bestimmen. Mit unseren Livechat- und Chatbot-L\u00f6sungen sorgen wir daf\u00fcr, dass Kunden ein optimales Kundenerlebnis erfahren.<\/p>\n<p>\n<\/div><\/div><\/div><div class=\"kc-elm kc-css-128143 kc_col-of-5 kc_column kc_col-of-5\"><div class=\"kc-col-container\"><\/div><\/div><\/div><\/div><\/section><section class=\"kc-elm kc-css-96834 kc_row\"><div class=\"kc-row-container  kc-container\"><div class=\"kc-wrap-columns\"><div class=\"kc-elm kc-css-185447 kc_col-sm-2 kc_column kc_col-sm-2\"><div class=\"kc-col-container\"><\/div><\/div><div id=\"content-marketing\" class=\"kc-elm kc-css-589988 kc_col-sm-4 kc-animated kc-animate-eff-fadeIn kc-animate-speed-1s kc_column kc_col-sm-4\"><div class=\"kc-col-container\"><div class=\"kc-elm kc-css-194691 kc-icon-wrapper\">\n\t\t<i class=\"et-flag\"><\/i>\n\t<\/div>\n<div class=\"kc-elm kc-css-11285 kc_text_block\"><\/p>\n<h2>Erstellung von Inhalten zum Aufbau von Markenimage und Reputation\u00a0<\/h2>\n<p>Die Erstellung eines Unternehmensprofils im Internet und in den sozialen Medien ist ein wichtiger, wenn auch nur ein erster Schritt. Um sich von der Konkurrenz abzuheben, reicht es nicht aus, seine Produkte gekonnt zu in Szene zu setzen. Wenn Sie mit Ihrem Unternehmen langfristig relevant sein wollen, m\u00fcssen Sie wie in einem klassischen Verkaufsgespr\u00e4ch Ihre Kompetenz unter Beweis stellen. Sei es mit einem umfassenden Vergleich verschiedener Produkte oder Dienstleistungen, Use Cases, oder wissenswerte Fachinformationen, die f\u00fcr Interessenten leicht verst\u00e4ndlich aufbereitet sind.<\/p>\n<p>Wir unterst\u00fctzen Sie bei der Konzentration auf nachhaltige Strategien und identifizieren mit Hilfe von Datenanalysen Themen, die Ihre Kundengruppe interessieren. Wir bereiten die Themenschwerpunkte in Text, Bild und Video so auf, dass sie auf den jeweiligen Werbekanal zugeschnitten sind und einen hohen Nutzwert f\u00fcr die von Ihnen definierte Zielgruppe bieten. Dar\u00fcber hinaus regen wir die Besucher Ihrer Digitalplattformen mit gezielten Impulsen an, selbst Inhalte beizutragen.<\/p>\n<p>\n<\/div><\/div><\/div><div id=\"automated-booking-tool\" class=\"kc-elm kc-css-47553 kc_col-sm-4 kc-animated kc-animate-eff-fadeIn kc-animate-speed-1s kc_column kc_col-sm-4\"><div class=\"kc-col-container\"><div class=\"kc-elm kc-css-511051 kc-icon-wrapper\">\n\t\t<i class=\"et-clock\"><\/i>\n\t<\/div>\n<div class=\"kc-elm kc-css-354939 kc_text_block\"><\/p>\n<h2>Automatisiertes Buchungstool zur zeitsparenden Planung von Terminen<\/h2>\n<p>Heutzutage werden an Unternehmen, die Dienstleistungen anbieten, hohe Anforderungen gestellt. Bereits der erste Kontakt mit Ihrer Webseite sowie die Buchung einer angebotenen Dienstleistung k\u00f6nnen einem potenziellen Kunden viel \u00fcber die Qualit\u00e4t Ihres Angebots verraten. Ein automatisiertes Buchungstool signalisiert, dass Ihr Unternehmen auf der H\u00f6he der Zeit ist, und dass von Ihnen ein entsprechend professioneller Service zu erwarten ist. Ein Buchungstool verspricht zudem eine unkomplizierte Kontaktaufnahme und Terminvereinbarung, und stellt somit ein niederschwelliges Angebot f\u00fcr Besucher dar.<\/p>\n<p>Wir unterst\u00fctzen Sie dabei, die Bedienung Ihrer Webseite und den Erstkontakt mit Ihnen f\u00fcr den Kunden so komfortabel wie m\u00f6glich zu gestalten, indem wir Customer Experience Workflow Mappings durchf\u00fchren. Die daraus resultierenden Workflow-Automatisierungen sorgen daf\u00fcr, dass Webseitenbesucher nicht nur unkompliziert Ihre Dienste in Anspruch nehmen, sondern dass Sie durch die Automatisierung auch personelle Ressourcen einsparen.<\/p>\n<p>\n<\/div><\/div><\/div><div class=\"kc-elm kc-css-215788 kc_col-of-5 kc_column kc_col-of-5\"><div class=\"kc-col-container\"><\/div><\/div><\/div><\/div><\/section><section class=\"kc-elm kc-css-792544 kc_row\"><div class=\"kc-row-container  kc-container\"><div class=\"kc-wrap-columns\"><div class=\"kc-elm kc-css-943423 kc_col-sm-12 kc_column kc_col-sm-12\"><div class=\"kc-col-container\"><div class=\"kc-elm kc-css-465795 kc_text_block\"><\/p>\n<p>Probieren Sie den Kostenrechner f\u00fcr Webseitenprojekte<\/p>\n<p>\n<\/div><\/div><\/div><\/div><\/div><\/section><section class=\"kc-elm kc-css-473924 kc_row\"><div class=\"kc-row-container  kc-container\"><div class=\"kc-wrap-columns\"><\/div><\/div><\/section><section class=\"kc-elm kc-css-666453 kc_row\"><div class=\"kc-row-container  kc-container\"><div class=\"kc-wrap-columns\"><\/div><\/div><\/section><\/p>","protected":false},"excerpt":{"rendered":"","protected":false},"author":1,"featured_media":0,"parent":0,"menu_order":0,"comment_status":"closed","ping_status":"closed","template":"template-parts\/template-homepage.php","meta":[],"_links":{"self":[{"href":"https:\/\/mattermedia-ops.eu\/de\/wp-json\/wp\/v2\/pages\/259"}],"collection":[{"href":"https:\/\/mattermedia-ops.eu\/de\/wp-json\/wp\/v2\/pages"}],"about":[{"href":"https:\/\/mattermedia-ops.eu\/de\/wp-json\/wp\/v2\/types\/page"}],"author":[{"embeddable":true,"href":"https:\/\/mattermedia-ops.eu\/de\/wp-json\/wp\/v2\/users\/1"}],"replies":[{"embeddable":true,"href":"https:\/\/mattermedia-ops.eu\/de\/wp-json\/wp\/v2\/comments?post=259"}],"version-history":[{"count":13,"href":"https:\/\/mattermedia-ops.eu\/de\/wp-json\/wp\/v2\/pages\/259\/revisions"}],"predecessor-version":[{"id":505,"href":"https:\/\/mattermedia-ops.eu\/de\/wp-json\/wp\/v2\/pages\/259\/revisions\/505"}],"wp:attachment":[{"href":"https:\/\/mattermedia-ops.eu\/de\/wp-json\/wp\/v2\/media?parent=259"}],"curies":[{"name":"wp","href":"https:\/\/api.w.org\/{rel}","templated":true}]}}