{"id":261,"date":"2022-03-03T21:58:39","date_gmt":"2022-03-03T21:58:39","guid":{"rendered":"http:\/\/mattermedia-ops.eu\/?page_id=261"},"modified":"2023-03-18T22:43:38","modified_gmt":"2023-03-18T22:43:38","slug":"manufacturing","status":"publish","type":"page","link":"https:\/\/mattermedia-ops.eu\/de\/manufacturing\/","title":{"rendered":"Fertigungsbetriebe"},"content":{"rendered":"<p><section class=\"kc-elm kc-css-374185 kc_row\"><div class=\"kc-row-container  kc-container\"><div class=\"kc-wrap-columns\"><div class=\"kc-elm kc-css-952869 kc_col-sm-12 kc_column kc_col-sm-12\"><div class=\"kc-col-container\"><div class=\"kc-elm kc-css-896434 kc-raw-code\"><a style=\"color: #990082; cursor: pointer;\" onclick=\"scrollFunctionManufacturing1()\">Data Analytics<\/a>  |  <a style=\"color: #990082; cursor: pointer;\" onclick=\"scrollFunctionManufacturing2()\">E-Commerce-Plattform<\/a>  |  <a style=\"color: #990082; cursor: pointer;\" onclick=\"scrollFunctionManufacturing3()\">Sales &amp; Service Optimization<\/a>  |  <a style=\"color: #990082; cursor: pointer;\" onclick=\"scrollFunctionManufacturing4()\">Online-Konfigurator<\/a><\/div><\/div><\/div><\/div><\/div><\/section><section class=\"kc-elm kc-css-185922 kc_row\"><div class=\"kc-row-container  kc-container\"><div class=\"kc-wrap-columns\"><div class=\"kc-elm kc-css-926646 kc_col-sm-12 kc_column kc_col-sm-12\"><div class=\"kc-col-container\"><div class=\"kc-elm kc-css-309034 kc_text_block\"><\/p>\n<p>Fertigungsbetriebe<\/p>\n<p>\n<\/div><div class=\"kc-elm kc-css-398955 kc_text_block\"><\/p>\n<p>Digitalmarketing-L\u00f6sungen f\u00fcr KMU<\/p>\n<p>\n<\/div>\n<div class=\"kc-elm kc-css-744930 divider_line\">\n\t<div class=\"divider_inner divider_line1\">\n\t\t\t<\/div>\n<\/div>\n<div class=\"kc-elm kc-css-407608 kc_text_block\"><\/p>\n<p><a style=\"color: #990082; cursor: pointer;\" onclick=\"scrollFunctionManufacturing1()\">Data Analytics<\/a>\u00a0 |\u00a0 <a style=\"color: #990082; cursor: pointer;\" onclick=\"scrollFunctionManufacturing2()\">E-Commerce-Plattform<\/a>\u00a0 |\u00a0 <a style=\"color: #990082; cursor: pointer;\" onclick=\"scrollFunctionManufacturing3()\">Sales- &amp; Service-Optimierung<\/a>\u00a0 |\u00a0 <a style=\"color: #990082; cursor: pointer;\" onclick=\"scrollFunctionManufacturing4()\">Online-Konfigurator<\/a><\/p>\n<p>\n<\/div><\/div><\/div><\/div><\/div><\/section><section class=\"kc-elm kc-css-397264 kc_row\"><div class=\"kc-row-container  kc-container\"><div class=\"kc-wrap-columns\"><div class=\"kc-elm kc-css-308374 kc_col-sm-2 kc_column kc_col-sm-2\"><div class=\"kc-col-container\"><\/div><\/div><div class=\"kc-elm kc-css-814065 kc_col-sm-8 kc_column kc_col-sm-8\"><div class=\"kc-col-container\"><div class=\"kc-elm kc-css-455079 kc_text_block\"><\/p>\n<p>J\u00fcngsten Ver\u00f6ffentlichungen zufolge soll der weltweite E-Commerce-Markt von 2018 bis 2025 mit einer durchschnittlichen j\u00e4hrlichen Wachstumsrate von 11,1 Prozent wachsen und bis 2025 etwa 24.2 Milliarden Dollar erreichen. Daraus folgert, dass der B2B-E-Commerce im Vergleich zur B2C-Branche im Jahr 2020 voraussichtlich doppelt so gro\u00df sein wird wie der B2C-Markt. Die Entwicklung verspricht gro\u00dfe Chancen f\u00fcr das B2B-Marketing. Chancen, die sich insbesondere f\u00fcr deutsche und \u00f6sterreichische Unternehmen des verarbeitenden Gewerbes ergeben, welche bisher nur kleine Schritte in Richtung Digitalisierung ihrer Gesch\u00e4ftsmodelle unternommen haben.<\/p>\n<p>Ein Gro\u00dfteil des prognostizierten Wachstums ist auf technologische Fortschritte, Big Data und cloudbasierte E-Commerce-Plattformen zur\u00fcckzuf\u00fchren. Die Neuorientierung der Unternehmen ist jedoch grundlegender, da sie in besonderem Ma\u00dfe durch das ver\u00e4nderte Kundenverhalten angesichts der zunehmenden Globalisierung und der aktuellen Gesundheitskrise angetrieben wird.<\/p>\n<p>\n<\/div><\/div><\/div><div class=\"kc-elm kc-css-796312 kc_col-of-5 kc_column kc_col-of-5\"><div class=\"kc-col-container\"><\/div><\/div><\/div><\/div><\/section><section class=\"kc-elm kc-css-982167 kc_row\"><div class=\"kc-row-container  kc-container\"><div class=\"kc-wrap-columns\"><div class=\"kc-elm kc-css-470915 kc_col-sm-2 kc_column kc_col-sm-2\"><div class=\"kc-col-container\"><\/div><\/div><div id=\"data-analytics\" class=\"kc-elm kc-css-722528 kc_col-sm-4 kc-animated kc-animate-eff-fadeIn kc-animate-speed-1s kc_column kc_col-sm-4\"><div class=\"kc-col-container\"><div class=\"kc-elm kc-css-999669 kc-icon-wrapper\">\n\t\t<i class=\"et-magnifying-glass\"><\/i>\n\t<\/div>\n<div class=\"kc-elm kc-css-111481 kc_text_block\"><\/p>\n<h2>Datenanalyse, um die digitalen Bed\u00fcrfnisse Ihrer Kunden zu ermitteln<\/h2>\n<p>F\u00fchrende Unternehmen messen st\u00e4ndig die Interaktion ihrer Kunden mit ihrem Produkt- und Dienstleistungsangebot. Wenn Sie \u00fcber eine ausreichende Menge an Daten \u00fcber Ihre Kunden verf\u00fcgen, k\u00f6nnen Sie ein Produkt, eine Dienstleistung oder eine Kampagne entwerfen, die den spezifischen Anforderungen gerecht wird. Die von E-Commerce-Plattformen automatisch erfassten Daten decken eine Vielzahl unterschiedlicher Parameter ab und liefern Ihnen ein objektives und aktuelles Bild \u00fcber den Status Ihrer Kundenbeziehungen.<\/p>\n<p>Wir unterst\u00fctzen Sie bei der Datenerfassung sowie bei der Datenanalyse, um Ihre Vertriebsleistung zu verbessern.<\/p>\n<p>\n<\/div><\/div><\/div><div id=\"e-commerce-platform\" class=\"kc-elm kc-css-550664 kc_col-sm-4 kc-animated kc-animate-eff-fadeIn kc-animate-speed-1s kc_column kc_col-sm-4\"><div class=\"kc-col-container\"><div class=\"kc-elm kc-css-929277 kc-icon-wrapper\">\n\t\t<i class=\"et-trophy\"><\/i>\n\t<\/div>\n<div class=\"kc-elm kc-css-956744 kc_text_block\"><\/p>\n<h2>E-Commerce-Plattformen f\u00fcr maximale Kundenzufriedenheit<\/h2>\n<p>Im B2B-Bereich legen Ihre Vertriebspartner und Kunden zunehmend Wert auf einen benutzerfreundlichen Onlineshop, mit dem sie rund um die Uhr einfach interagieren und auch komplexe, personalisierte Produkte bestellen k\u00f6nnen. In diesem Zusammenhang ist es wichtig, die Website trotz eventuell themenspezifischer und aufw\u00e4ndiger Gestaltung jederzeit \u00fcbersichtlich und frei von Ladezeiten zu gestalten.<\/p>\n<p>Wir unterst\u00fctzen Sie beim Aufbau einer E-Commerce-Plattform, die in Bezug auf Benutzeroberfl\u00e4che und Funktionalit\u00e4t den spezifischen Bed\u00fcrfnissen Ihrer Zielgruppen entspricht.<\/p>\n<p>\n<\/div><\/div><\/div><div class=\"kc-elm kc-css-647071 kc_col-of-5 kc_column kc_col-of-5\"><div class=\"kc-col-container\"><\/div><\/div><\/div><\/div><\/section><section class=\"kc-elm kc-css-472115 kc_row\"><div class=\"kc-row-container  kc-container\"><div class=\"kc-wrap-columns\"><div class=\"kc-elm kc-css-869950 kc_col-sm-2 kc_column kc_col-sm-2\"><div class=\"kc-col-container\"><\/div><\/div><div id=\"process-optimization\" class=\"kc-elm kc-css-331791 kc_col-sm-4 kc-animated kc-animate-eff-fadeIn kc-animate-speed-1s kc_column kc_col-sm-4\"><div class=\"kc-col-container\"><div class=\"kc-elm kc-css-918159 kc-icon-wrapper\">\n\t\t<i class=\"et-linegraph\"><\/i>\n\t<\/div>\n<div class=\"kc-elm kc-css-82279 kc_text_block\"><\/p>\n<h2>Optimierte Vertriebs- und Serviceprozesse f\u00fcr hohe Serviceperformance<\/h2>\n<p>Erfolgreiches Kundenbeziehungsmanagement ist nur m\u00f6glich, wenn die internen Prozesse und Systeme effizient miteinander verzahnt sind. Der direkte Zugriff auf aktuelle Kunden- und Maschineninformationen durch Vertrieb und Service ist der Schl\u00fcssel zu hoher Serviceleistung, zufriedenen Kunden und damit zu mehr Umsatz.<\/p>\n<p>Wir unterst\u00fctzen Sie dabei, Ihre Vertriebs- und Serviceprozesse digital zu optimieren. Gemeinsam finden wir die CRM- oder Servicel\u00f6sung, die zu Ihren individuellen Bed\u00fcrfnissen passt.<\/p>\n<p>\n<\/div><\/div><\/div><div id=\"online-configurator\" class=\"kc-elm kc-css-160987 kc_col-sm-4 kc-animated kc-animate-eff-fadeIn kc-animate-speed-1s kc_column kc_col-sm-4\"><div class=\"kc-col-container\"><div class=\"kc-elm kc-css-251218 kc-icon-wrapper\">\n\t\t<i class=\"et-speedometer\"><\/i>\n\t<\/div>\n<div class=\"kc-elm kc-css-890345 kc_text_block\"><\/p>\n<h2>Onlinekonfiguratoren f\u00fcr schnelle Reaktionszeiten<\/h2>\n<p>Ein Onlinekonfigurator erm\u00f6glicht es Kunden, sich intuitiv, einfach und schnell aus der Vielzahl m\u00f6glicher Produktvarianten das richtige Produkt anzeigen zu lassen und direkt zu bestellen. Dies ist insbesondere f\u00fcr Hersteller sinnvoll, die hochkomplexe Waren zum Verkauf anbieten und damit die hohen Kosten der analogen Beratung im B2B-Bereich reduzieren wollen. In der Wahrnehmung des Kunden bietet eine solche \"hybride Beratung\" den Vorteil der zeitlichen Flexibilit\u00e4t und einer grunds\u00e4tzlich schnelleren Reaktionszeit.<\/p>\n<p>Wir entwickeln einen Produktkonfigurator, der zu Ihnen passt und verkn\u00fcpfen diesen mit Ihrer E-Commerce- und CMS-L\u00f6sung.<\/p>\n<p>\n<\/div><\/div><\/div><div class=\"kc-elm kc-css-712734 kc_col-of-5 kc_column kc_col-of-5\"><div class=\"kc-col-container\"><\/div><\/div><\/div><\/div><\/section><section class=\"kc-elm kc-css-466335 kc_row\"><div class=\"kc-row-container  kc-container\"><div class=\"kc-wrap-columns\"><div class=\"kc-elm kc-css-593922 kc_col-sm-12 kc_column kc_col-sm-12\"><div class=\"kc-col-container\"><div class=\"kc-elm kc-css-617691 kc_text_block\"><\/p>\n<p>Probieren Sie den Kostenrechner f\u00fcr Webseitenprojekte<\/p>\n<p>\n<\/div><\/div><\/div><\/div><\/div><\/section><section class=\"kc-elm kc-css-560518 kc_row\"><div class=\"kc-row-container  kc-container\"><div class=\"kc-wrap-columns\"><\/div><\/div><\/section><section class=\"kc-elm kc-css-729892 kc_row\"><div class=\"kc-row-container  kc-container\"><div class=\"kc-wrap-columns\"><\/div><\/div><\/section><\/p>","protected":false},"excerpt":{"rendered":"","protected":false},"author":1,"featured_media":0,"parent":0,"menu_order":0,"comment_status":"closed","ping_status":"closed","template":"template-parts\/template-homepage.php","meta":[],"_links":{"self":[{"href":"https:\/\/mattermedia-ops.eu\/de\/wp-json\/wp\/v2\/pages\/261"}],"collection":[{"href":"https:\/\/mattermedia-ops.eu\/de\/wp-json\/wp\/v2\/pages"}],"about":[{"href":"https:\/\/mattermedia-ops.eu\/de\/wp-json\/wp\/v2\/types\/page"}],"author":[{"embeddable":true,"href":"https:\/\/mattermedia-ops.eu\/de\/wp-json\/wp\/v2\/users\/1"}],"replies":[{"embeddable":true,"href":"https:\/\/mattermedia-ops.eu\/de\/wp-json\/wp\/v2\/comments?post=261"}],"version-history":[{"count":12,"href":"https:\/\/mattermedia-ops.eu\/de\/wp-json\/wp\/v2\/pages\/261\/revisions"}],"predecessor-version":[{"id":581,"href":"https:\/\/mattermedia-ops.eu\/de\/wp-json\/wp\/v2\/pages\/261\/revisions\/581"}],"wp:attachment":[{"href":"https:\/\/mattermedia-ops.eu\/de\/wp-json\/wp\/v2\/media?parent=261"}],"curies":[{"name":"wp","href":"https:\/\/api.w.org\/{rel}","templated":true}]}}