{"id":481,"date":"2022-06-12T14:56:07","date_gmt":"2022-06-12T14:56:07","guid":{"rendered":"https:\/\/mattermedia-ops.eu\/?page_id=481"},"modified":"2022-08-20T19:59:24","modified_gmt":"2022-08-20T19:59:24","slug":"impress","status":"publish","type":"page","link":"https:\/\/mattermedia-ops.eu\/de\/impress\/","title":{"rendered":"Impressum"},"content":{"rendered":"<p><section class=\"kc-elm kc-css-882376 kc_row\"><div class=\"kc-row-container  kc-container\"><div class=\"kc-wrap-columns\"><div class=\"kc-elm kc-css-392298 kc_col-of-5 kc_column kc_col-of-5\"><div class=\"kc-col-container\"><\/div><\/div><div class=\"kc-elm kc-css-456581 kc_col-sm-8 kc_column kc_col-sm-8\"><div class=\"kc-col-container\">\n<div class=\"kc-elm kc-css-736120 kc-title-wrap\">\n\n\t<h2 class=\"kc_title\">Impressum<\/h2>\n<\/div>\n<div class=\"kc-elm kc-css-789841 kc_text_block\"><\/p>\n<p>Matter Media Operations O\u00dc<\/p>\n<p>Adresse: Harju maakond, Kuusalu vald, Pudisoo k\u00fcla, M\u00e4nnim\u00e4e, 74626<\/p>\n<p>Telefon: +49 152 0719 5343<\/p>\n<p>E-mail: info@mattermedia-ops.eu<\/p>\n<p>\n<\/div><div class=\"kc-elm kc-css-443883 kc_text_block\"><\/p>\n<p>Gem\u00e4\u00df Kleinunternehmerstatus nach \u00a719 UStG wird die Mehrwertsteuer nicht ausgewiesen.\n<\/p>\n<p>Plattform der EU-Kommission zur Online-Streitbeilegung: https:\/\/ec.europa.eu\/consumers\/odr<\/p>\n<p>\u2028Ich bin zur Teilnahme an einem Streitbeilegungsverfahren vor einer Verbraucherschlichtungsstelle weder verpflichtet noch bereit.<\/p>\n<p>\n<\/div><\/div><\/div><div class=\"kc-elm kc-css-512494 kc_col-of-5 kc_column kc_col-of-5\"><div class=\"kc-col-container\"><\/div><\/div><\/div><\/div><\/section><section class=\"kc-elm kc-css-109823 kc_row\"><div class=\"kc-row-container  kc-container\"><div class=\"kc-wrap-columns\"><\/div><\/div><\/section><\/p>","protected":false},"excerpt":{"rendered":"","protected":false},"author":1,"featured_media":0,"parent":0,"menu_order":0,"comment_status":"closed","ping_status":"closed","template":"template-parts\/template-homepage.php","meta":[],"_links":{"self":[{"href":"https:\/\/mattermedia-ops.eu\/de\/wp-json\/wp\/v2\/pages\/481"}],"collection":[{"href":"https:\/\/mattermedia-ops.eu\/de\/wp-json\/wp\/v2\/pages"}],"about":[{"href":"https:\/\/mattermedia-ops.eu\/de\/wp-json\/wp\/v2\/types\/page"}],"author":[{"embeddable":true,"href":"https:\/\/mattermedia-ops.eu\/de\/wp-json\/wp\/v2\/users\/1"}],"replies":[{"embeddable":true,"href":"https:\/\/mattermedia-ops.eu\/de\/wp-json\/wp\/v2\/comments?post=481"}],"version-history":[{"count":14,"href":"https:\/\/mattermedia-ops.eu\/de\/wp-json\/wp\/v2\/pages\/481\/revisions"}],"predecessor-version":[{"id":536,"href":"https:\/\/mattermedia-ops.eu\/de\/wp-json\/wp\/v2\/pages\/481\/revisions\/536"}],"wp:attachment":[{"href":"https:\/\/mattermedia-ops.eu\/de\/wp-json\/wp\/v2\/media?parent=481"}],"curies":[{"name":"wp","href":"https:\/\/api.w.org\/{rel}","templated":true}]}}